



{"id":1278,"date":"2012-10-23T09:25:54","date_gmt":"2012-10-23T09:25:54","guid":{"rendered":"http:\/\/www.timelessmedcenter.com\/portfolio\/portfolio-2\/"},"modified":"2021-01-12T15:38:22","modified_gmt":"2021-01-12T23:38:22","slug":"beard","status":"publish","type":"page","link":"https:\/\/test.timelessmedcenter.com\/es\/portfolio\/beard\/","title":{"rendered":"Trasplante de barba"},"content":{"rendered":"<div class=\"vc_row wpb_row vc_row-fluid\"><div class=\"wpb_column vc_column_container vc_col-sm-12\"><div class=\"vc_column-inner\"><div class=\"wpb_wrapper\"><div class=\"wpb_gallery wpb_content_element vc_clearfix wpb_animate_when_almost_visible wpb_fadeIn fadeIn\" ><div class=\"wpb_wrapper\"><div class=\"wpb_gallery_slides wpb_flexslider flexslider_fade flexslider\" data-interval=\"3\" data-flex_fx=\"fade\"><ul class=\"slides\"><li><img width=\"1920\" height=\"1281\" src=\"https:\/\/test.timelessmedcenter.com\/wp-content\/uploads\/2020\/12\/AdobeStock_136651720-copy-2.jpeg\" class=\"attachment-full\" alt=\"\" loading=\"lazy\" srcset=\"https:\/\/test.timelessmedcenter.com\/wp-content\/uploads\/2020\/12\/AdobeStock_136651720-copy-2.jpeg 1920w, https:\/\/test.timelessmedcenter.com\/wp-content\/uploads\/2020\/12\/AdobeStock_136651720-copy-2-300x200.jpeg 300w, https:\/\/test.timelessmedcenter.com\/wp-content\/uploads\/2020\/12\/AdobeStock_136651720-copy-2-1024x683.jpeg 1024w, https:\/\/test.timelessmedcenter.com\/wp-content\/uploads\/2020\/12\/AdobeStock_136651720-copy-2-768x512.jpeg 768w, https:\/\/test.timelessmedcenter.com\/wp-content\/uploads\/2020\/12\/AdobeStock_136651720-copy-2-1536x1025.jpeg 1536w\" sizes=\"(max-width: 1920px) 100vw, 1920px\" \/><\/li><li><img width=\"1920\" height=\"1281\" src=\"https:\/\/test.timelessmedcenter.com\/wp-content\/uploads\/2020\/12\/shutterstock_258602942-copy-2.jpg\" class=\"attachment-full\" alt=\"\" loading=\"lazy\" srcset=\"https:\/\/test.timelessmedcenter.com\/wp-content\/uploads\/2020\/12\/shutterstock_258602942-copy-2.jpg 1920w, https:\/\/test.timelessmedcenter.com\/wp-content\/uploads\/2020\/12\/shutterstock_258602942-copy-2-300x200.jpg 300w, https:\/\/test.timelessmedcenter.com\/wp-content\/uploads\/2020\/12\/shutterstock_258602942-copy-2-1024x683.jpg 1024w, https:\/\/test.timelessmedcenter.com\/wp-content\/uploads\/2020\/12\/shutterstock_258602942-copy-2-768x512.jpg 768w, https:\/\/test.timelessmedcenter.com\/wp-content\/uploads\/2020\/12\/shutterstock_258602942-copy-2-1536x1025.jpg 1536w\" sizes=\"(max-width: 1920px) 100vw, 1920px\" \/><\/li><li><img width=\"1920\" height=\"1281\" src=\"https:\/\/test.timelessmedcenter.com\/wp-content\/uploads\/2020\/12\/shutterstock_594264836-copy.jpg\" class=\"attachment-full\" alt=\"\" loading=\"lazy\" srcset=\"https:\/\/test.timelessmedcenter.com\/wp-content\/uploads\/2020\/12\/shutterstock_594264836-copy.jpg 1920w, https:\/\/test.timelessmedcenter.com\/wp-content\/uploads\/2020\/12\/shutterstock_594264836-copy-300x200.jpg 300w, https:\/\/test.timelessmedcenter.com\/wp-content\/uploads\/2020\/12\/shutterstock_594264836-copy-1024x683.jpg 1024w, https:\/\/test.timelessmedcenter.com\/wp-content\/uploads\/2020\/12\/shutterstock_594264836-copy-768x512.jpg 768w, https:\/\/test.timelessmedcenter.com\/wp-content\/uploads\/2020\/12\/shutterstock_594264836-copy-1536x1025.jpg 1536w\" sizes=\"(max-width: 1920px) 100vw, 1920px\" \/><\/li><li><img width=\"1920\" height=\"1281\" src=\"https:\/\/test.timelessmedcenter.com\/wp-content\/uploads\/2020\/12\/shutterstock_701446132-copy.jpg\" class=\"attachment-full\" alt=\"\" loading=\"lazy\" srcset=\"https:\/\/test.timelessmedcenter.com\/wp-content\/uploads\/2020\/12\/shutterstock_701446132-copy.jpg 1920w, https:\/\/test.timelessmedcenter.com\/wp-content\/uploads\/2020\/12\/shutterstock_701446132-copy-300x200.jpg 300w, https:\/\/test.timelessmedcenter.com\/wp-content\/uploads\/2020\/12\/shutterstock_701446132-copy-1024x683.jpg 1024w, https:\/\/test.timelessmedcenter.com\/wp-content\/uploads\/2020\/12\/shutterstock_701446132-copy-768x512.jpg 768w, https:\/\/test.timelessmedcenter.com\/wp-content\/uploads\/2020\/12\/shutterstock_701446132-copy-1536x1025.jpg 1536w\" sizes=\"(max-width: 1920px) 100vw, 1920px\" \/><\/li><\/ul><\/div><\/div><\/div><\/div><\/div><\/div><\/div><div class=\"vc_row wpb_row vc_row-fluid\"><div class=\"wpb_column vc_column_container vc_col-sm-8\"><div class=\"vc_column-inner\"><div class=\"wpb_wrapper\">\n\t<div class=\"wpb_text_column wpb_content_element  wpb_animate_when_almost_visible wpb_fadeInUp fadeInUp\" >\n\t\t<div class=\"wpb_wrapper\">\n\t\t\t<p>Implica el trasplante de cabello extra\u00eddo de un \u00e1rea donante (generalmente la parte posterior y los lados de la cabeza), para remodelar tu barba de la manera que siempre has so\u00f1ado.<\/p>\n<p>La recuperaci\u00f3n es f\u00e1cil y r\u00e1pida, solo tendr\u00e1s costras que se caer\u00e1n, y despu\u00e9s de un par de meses, comenzar\u00e1s a ver tu nueva barba creciendo en la densidad y direcci\u00f3n que has deseado.<\/p>\n<p>&nbsp;<\/p>\n\n\t\t<\/div>\n\t<\/div>\n<\/div><\/div><\/div><\/div>","protected":false},"excerpt":{"rendered":"It involves the transplantation of hair harvested from\u00a0a donor area\u00a0(usually the back and sides of the head), to re-shape your beard in the way you always dream of. The recovery time is fast and easy, you will only have crusts\u00a0that will fall out, and after a couple months, you will start seeing your new beard growing in the density and&nbsp;<a href=\"https:\/\/test.timelessmedcenter.com\/es\/portfolio\/beard\/\" class=\"read-more\">Continue Reading<\/a>","protected":false},"author":1,"featured_media":0,"parent":9,"menu_order":5,"comment_status":"open","ping_status":"closed","template":"page-fullwidth.php","meta":[],"_links":{"self":[{"href":"https:\/\/test.timelessmedcenter.com\/es\/wp-json\/wp\/v2\/pages\/1278"}],"collection":[{"href":"https:\/\/test.timelessmedcenter.com\/es\/wp-json\/wp\/v2\/pages"}],"about":[{"href":"https:\/\/test.timelessmedcenter.com\/es\/wp-json\/wp\/v2\/types\/page"}],"author":[{"embeddable":true,"href":"https:\/\/test.timelessmedcenter.com\/es\/wp-json\/wp\/v2\/users\/1"}],"replies":[{"embeddable":true,"href":"https:\/\/test.timelessmedcenter.com\/es\/wp-json\/wp\/v2\/comments?post=1278"}],"version-history":[{"count":6,"href":"https:\/\/test.timelessmedcenter.com\/es\/wp-json\/wp\/v2\/pages\/1278\/revisions"}],"predecessor-version":[{"id":2497,"href":"https:\/\/test.timelessmedcenter.com\/es\/wp-json\/wp\/v2\/pages\/1278\/revisions\/2497"}],"up":[{"embeddable":true,"href":"https:\/\/test.timelessmedcenter.com\/es\/wp-json\/wp\/v2\/pages\/9"}],"wp:attachment":[{"href":"https:\/\/test.timelessmedcenter.com\/es\/wp-json\/wp\/v2\/media?parent=1278"}],"curies":[{"name":"wp","href":"https:\/\/api.w.org\/{rel}","templated":true}]}}