



{"id":2101,"date":"2020-12-08T03:48:15","date_gmt":"2020-12-08T03:48:15","guid":{"rendered":"http:\/\/www.timelessmedcenter.com\/?page_id=2101"},"modified":"2021-02-04T17:52:54","modified_gmt":"2021-02-05T01:52:54","slug":"our-doctor","status":"publish","type":"page","link":"https:\/\/test.timelessmedcenter.com\/es\/about\/our-doctor\/","title":{"rendered":"Nuestro Doctor"},"content":{"rendered":"<div class=\"vc_row wpb_row vc_row-fluid\"><div class=\"wpb_column vc_column_container vc_col-sm-12\"><div class=\"vc_column-inner\"><div class=\"wpb_wrapper\">\n\t<div class=\"wpb_text_column wpb_content_element  vc_custom_1609900104746\" >\n\t\t<div class=\"wpb_wrapper\">\n\t\t\t<h1 style=\"text-align: center;\">Dr. Roberto Guerrero<\/h1>\n\n\t\t<\/div>\n\t<\/div>\n<\/div><\/div><\/div><\/div><div class=\"vc_row wpb_row vc_row-fluid\"><div class=\"wpb_column vc_column_container vc_col-sm-6\"><div class=\"vc_column-inner\"><div class=\"wpb_wrapper\">\n\t<div class=\"wpb_text_column wpb_content_element\" >\n\t\t<div class=\"wpb_wrapper\">\n\t\t\t<p>&nbsp;<\/p>\n<div class=\"wp-block-media-text alignwide is-stacked-on-mobile\">\n<div class=\"wp-block-media-text__content\">\n<p class=\"has-large-font-size\"><\/div>\n<\/div>\n<p><\/p>\n<p style=\"font-size: 18px; line-height: 1.5;\">Dr. Roberto Guerrero Zazueta obtuvo su t\u00edtulo en medicina de la Universidad Aut\u00f3noma de Baja California y se gradu\u00f3 del Centro M\u00e9dico de Occidente en Guadalajara, M\u00e9xico con una especialidad en cirug\u00eda. Despu\u00e9s de completar su especialidad, comenz\u00f3 a perseguir sus intereses en el trasplante de cabello uni\u00e9ndose al Instituto Bosley en Orlando Florida, teniendo el privilegio de aprender del Dr. Matt Leavitt.<\/p>\n<p><\/p>\n<p style=\"font-size: 18px; line-height: 1.5;\">\u200b\n\nDr. Guerrero pronto se dio cuenta de que las t\u00e9cnicas de trasplante de cabello estaban evolucionando r\u00e1pidamente, es por ello que complet\u00f3 un internado en cirug\u00eda de trasplante de cabello en Estambul, Turqu\u00eda, ampliando a\u00fan m\u00e1s su experiencia en la t\u00e9cnica de Escisi\u00f3n Folicular Unitaria (FUE por sus siglas en ingl\u00e9s). Es miembro activo de la Sociedad Internacional de Cirug\u00eda de Restauraci\u00f3n del Cabello (ISHRS por sus siglas en ingl\u00e9s). El Dr. Guerrero es considerado una autoridad l\u00edder en trasplante de cabello, quien decidi\u00f3 compartir sus conocimientos junto con el Dr. Shelly Friedman (E.U.) escribiendo el libro \u201cTrasplante de Pelo\u201d.<\/p>\n<p><\/p>\n<p style=\"font-size: 18px; line-height: 1.5;\">Dr. Guerrero ha realizado cientos de procedimientos exitosos a pacientes de todo el mundo, incluidos M\u00e9xico, Estados Unidos, Canad\u00e1, Suecia, Irlanda, Australia, Brasil e India, por mencionar algunos, ayud\u00e1ndolos a todos a recuperar su autoestima.<\/p>\n<p><\/p>\n<p style=\"font-size: 18px; line-height: 1.5;\">La decisi\u00f3n de someterse a un procedimiento de trasplante de cabello es personal. Seleccionar un doctor en el que puedas confiar, y su experiencia y conocimiento te haga sentir c\u00f3modo, es un elemento cr\u00edtico en este proceso. El Dr. Guerrero cree firmemente que una comunicaci\u00f3n clara, honesta y respetuosa entre el m\u00e9dico y su paciente juega un papel integral en la construcci\u00f3n de una relaci\u00f3n de confianza.<\/p>\n<p>&nbsp;<\/p>\n\n\t\t<\/div>\n\t<\/div>\n<\/div><\/div><\/div><div class=\"wpb_column vc_column_container vc_col-sm-6\"><div class=\"vc_column-inner\"><div class=\"wpb_wrapper\"><div class=\"vc_empty_space\"   style=\"height: 62px\"><span class=\"vc_empty_space_inner\"><\/span><\/div>\n\t<div  class=\"wpb_single_image wpb_content_element vc_align_right\">\n\t\t\n\t\t<figure class=\"wpb_wrapper vc_figure\">\n\t\t\t<div class=\"vc_single_image-wrapper   vc_box_border_grey\"><img width=\"2560\" height=\"1707\" src=\"https:\/\/test.timelessmedcenter.com\/wp-content\/uploads\/2021\/01\/DSC_0219-scaled.jpg\" class=\"vc_single_image-img attachment-full\" alt=\"\" loading=\"lazy\" srcset=\"https:\/\/test.timelessmedcenter.com\/wp-content\/uploads\/2021\/01\/DSC_0219-scaled.jpg 2560w, https:\/\/test.timelessmedcenter.com\/wp-content\/uploads\/2021\/01\/DSC_0219-300x200.jpg 300w, https:\/\/test.timelessmedcenter.com\/wp-content\/uploads\/2021\/01\/DSC_0219-1024x683.jpg 1024w, https:\/\/test.timelessmedcenter.com\/wp-content\/uploads\/2021\/01\/DSC_0219-768x512.jpg 768w, https:\/\/test.timelessmedcenter.com\/wp-content\/uploads\/2021\/01\/DSC_0219-1536x1024.jpg 1536w, https:\/\/test.timelessmedcenter.com\/wp-content\/uploads\/2021\/01\/DSC_0219-2048x1365.jpg 2048w\" sizes=\"(max-width: 2560px) 100vw, 2560px\" \/><\/div>\n\t\t<\/figure>\n\t<\/div>\n\n\t<div  class=\"wpb_single_image wpb_content_element vc_align_center  vc_custom_1612489949012\">\n\t\t\n\t\t<figure class=\"wpb_wrapper vc_figure\">\n\t\t\t<div class=\"vc_single_image-wrapper   vc_box_border_grey\"><img width=\"1200\" height=\"926\" src=\"https:\/\/test.timelessmedcenter.com\/wp-content\/uploads\/2021\/02\/iu.jpeg\" class=\"vc_single_image-img attachment-full\" alt=\"\" loading=\"lazy\" srcset=\"https:\/\/test.timelessmedcenter.com\/wp-content\/uploads\/2021\/02\/iu.jpeg 1200w, https:\/\/test.timelessmedcenter.com\/wp-content\/uploads\/2021\/02\/iu-300x232.jpeg 300w, https:\/\/test.timelessmedcenter.com\/wp-content\/uploads\/2021\/02\/iu-1024x790.jpeg 1024w, https:\/\/test.timelessmedcenter.com\/wp-content\/uploads\/2021\/02\/iu-768x593.jpeg 768w, https:\/\/test.timelessmedcenter.com\/wp-content\/uploads\/2021\/02\/iu-16x12.jpeg 16w\" sizes=\"(max-width: 1200px) 100vw, 1200px\" \/><\/div>\n\t\t<\/figure>\n\t<\/div>\n<\/div><\/div><\/div><\/div><div class=\"vc_row wpb_row vc_row-fluid\"><div class=\"wpb_column vc_column_container vc_col-sm-12\"><div class=\"vc_column-inner\"><div class=\"wpb_wrapper\">\n\t<div class=\"wpb_text_column wpb_content_element\" >\n\t\t<div class=\"wpb_wrapper\">\n\t\t\t<h4 style=\"text-align: left;\">Published Book<\/h4>\n\n\t\t<\/div>\n\t<\/div>\n<\/div><\/div><\/div><\/div><div class=\"vc_row wpb_row vc_row-fluid\"><div class=\"wpb_column vc_column_container vc_col-sm-6\"><div class=\"vc_column-inner\"><div class=\"wpb_wrapper\">\n\t<div  class=\"wpb_single_image wpb_content_element vc_align_left\">\n\t\t\n\t\t<figure class=\"wpb_wrapper vc_figure\">\n\t\t\t<div class=\"vc_single_image-wrapper   vc_box_border_grey\"><img width=\"1500\" height=\"1383\" src=\"https:\/\/test.timelessmedcenter.com\/wp-content\/uploads\/2020\/12\/1607652407.png\" class=\"vc_single_image-img attachment-full\" alt=\"\" loading=\"lazy\" srcset=\"https:\/\/test.timelessmedcenter.com\/wp-content\/uploads\/2020\/12\/1607652407.png 1500w, https:\/\/test.timelessmedcenter.com\/wp-content\/uploads\/2020\/12\/1607652407-300x277.png 300w, https:\/\/test.timelessmedcenter.com\/wp-content\/uploads\/2020\/12\/1607652407-1024x944.png 1024w, https:\/\/test.timelessmedcenter.com\/wp-content\/uploads\/2020\/12\/1607652407-768x708.png 768w\" sizes=\"(max-width: 1500px) 100vw, 1500px\" \/><\/div>\n\t\t<\/figure>\n\t<\/div>\n<\/div><\/div><\/div><div class=\"wpb_column vc_column_container vc_col-sm-6\"><div class=\"vc_column-inner\"><div class=\"wpb_wrapper\">\n\t<div class=\"wpb_text_column wpb_content_element\" >\n\t\t<div class=\"wpb_wrapper\">\n\t\t\t<p style=\"font-size: 20px; line-height: 1.5;\"><strong>About the book:<\/strong><\/p>\n<p style=\"font-size: 18px; line-height: 1.5;\">This Spanish version of the popular English book Complete Doctor's Guide to Hair Loss. No more 200-page guide to hair transplants, PRP Hair Growth, and other current hair growth procedures. The book has been published in Spanish and is the first of its kind in demand for Spanish-speaking readers.<\/p>\n<p><span style=\"color: #0000ff; border-bottom: #0000ff 0.125em solid;\"><a style=\"color: #0000ff; font-size: 16px; line-height: 1.5;\" href=\"https:\/\/www.amazon.com\/Trasplante-Pelo-Spanish-Roberto-Guerrero\/dp\/1724598031\">Buy on Amazon<\/a><\/span><\/p>\n<p>&nbsp;<\/p>\n\n\t\t<\/div>\n\t<\/div>\n<\/div><\/div><\/div><\/div>","protected":false},"excerpt":{"rendered":"Dr. Roberto Guerrero &nbsp; Dr. Roberto Guerrero Zazueta obtained his medical degree from Universidad Autonoma de Baja California, and graduated from Centro Medico de Occidente in Guadalajara, Mexico with a specialty on surgery. After completing his specialty, he started pursuing his interests on hair transplantation at the Bosley Institute in Orlando Florida, having the privilege to learn from Dr. Matt&nbsp;<a href=\"https:\/\/test.timelessmedcenter.com\/es\/about\/our-doctor\/\" class=\"read-more\">Continue Reading<\/a>","protected":false},"author":1,"featured_media":0,"parent":1797,"menu_order":0,"comment_status":"closed","ping_status":"closed","template":"page-fullwidth.php","meta":[],"_links":{"self":[{"href":"https:\/\/test.timelessmedcenter.com\/es\/wp-json\/wp\/v2\/pages\/2101"}],"collection":[{"href":"https:\/\/test.timelessmedcenter.com\/es\/wp-json\/wp\/v2\/pages"}],"about":[{"href":"https:\/\/test.timelessmedcenter.com\/es\/wp-json\/wp\/v2\/types\/page"}],"author":[{"embeddable":true,"href":"https:\/\/test.timelessmedcenter.com\/es\/wp-json\/wp\/v2\/users\/1"}],"replies":[{"embeddable":true,"href":"https:\/\/test.timelessmedcenter.com\/es\/wp-json\/wp\/v2\/comments?post=2101"}],"version-history":[{"count":15,"href":"https:\/\/test.timelessmedcenter.com\/es\/wp-json\/wp\/v2\/pages\/2101\/revisions"}],"predecessor-version":[{"id":2696,"href":"https:\/\/test.timelessmedcenter.com\/es\/wp-json\/wp\/v2\/pages\/2101\/revisions\/2696"}],"up":[{"embeddable":true,"href":"https:\/\/test.timelessmedcenter.com\/es\/wp-json\/wp\/v2\/pages\/1797"}],"wp:attachment":[{"href":"https:\/\/test.timelessmedcenter.com\/es\/wp-json\/wp\/v2\/media?parent=2101"}],"curies":[{"name":"wp","href":"https:\/\/api.w.org\/{rel}","templated":true}]}}