



{"id":2716,"date":"2021-02-10T23:07:57","date_gmt":"2021-02-11T07:07:57","guid":{"rendered":"http:\/\/test.timelessmedcenter.com\/?page_id=2716"},"modified":"2021-02-17T15:45:46","modified_gmt":"2021-02-17T23:45:46","slug":"body-skin-treatments","status":"publish","type":"page","link":"https:\/\/test.timelessmedcenter.com\/es\/body-skin-treatments\/","title":{"rendered":"Body Skin Treatments"},"content":{"rendered":"<div class=\"vc_row wpb_row vc_row-fluid\"><div class=\"wpb_column vc_column_container vc_col-sm-12\"><div class=\"vc_column-inner\"><div class=\"wpb_wrapper\">\n\t<div class=\"wpb_text_column wpb_content_element  wpb_animate_when_almost_visible wpb_bounceIn bounceIn vc_custom_1613605537996\" >\n\t\t<div class=\"wpb_wrapper\">\n\t\t\t<h1 style=\"text-align: center;\">COMING SOON<\/h1>\n\n\t\t<\/div>\n\t<\/div>\n<\/div><\/div><\/div><\/div><div class=\"vc_row wpb_row vc_row-fluid\"><div class=\"wpb_column vc_column_container vc_col-sm-4\"><div class=\"vc_column-inner\"><div class=\"wpb_wrapper\"><div class=\"wpb_gallery wpb_content_element vc_clearfix\" ><div class=\"wpb_wrapper\"><div class=\"wpb_gallery_slides wpb_flexslider flexslider_fade flexslider\" data-interval=\"3\" data-flex_fx=\"fade\"><ul class=\"slides\"><li><a class=\"prettyphoto\" href=\"https:\/\/test.timelessmedcenter.com\/wp-content\/uploads\/2021\/02\/shutterstock_314255999-1-773x1024.jpg\" data-rel=\"prettyPhoto[rel-2716-2039526668]\"><img width=\"996\" height=\"1320\" src=\"https:\/\/test.timelessmedcenter.com\/wp-content\/uploads\/2021\/02\/shutterstock_314255999-1.jpg\" class=\"attachment-full\" alt=\"\" loading=\"lazy\" srcset=\"https:\/\/test.timelessmedcenter.com\/wp-content\/uploads\/2021\/02\/shutterstock_314255999-1.jpg 996w, https:\/\/test.timelessmedcenter.com\/wp-content\/uploads\/2021\/02\/shutterstock_314255999-1-226x300.jpg 226w, https:\/\/test.timelessmedcenter.com\/wp-content\/uploads\/2021\/02\/shutterstock_314255999-1-773x1024.jpg 773w, https:\/\/test.timelessmedcenter.com\/wp-content\/uploads\/2021\/02\/shutterstock_314255999-1-768x1018.jpg 768w, https:\/\/test.timelessmedcenter.com\/wp-content\/uploads\/2021\/02\/shutterstock_314255999-1-9x12.jpg 9w\" sizes=\"(max-width: 996px) 100vw, 996px\" \/><\/a><\/li><li><a class=\"prettyphoto\" href=\"https:\/\/test.timelessmedcenter.com\/wp-content\/uploads\/2021\/02\/shutterstock_785872723-1-773x1024.jpg\" data-rel=\"prettyPhoto[rel-2716-2039526668]\"><img width=\"996\" height=\"1320\" src=\"https:\/\/test.timelessmedcenter.com\/wp-content\/uploads\/2021\/02\/shutterstock_785872723-1.jpg\" class=\"attachment-full\" alt=\"\" loading=\"lazy\" srcset=\"https:\/\/test.timelessmedcenter.com\/wp-content\/uploads\/2021\/02\/shutterstock_785872723-1.jpg 996w, https:\/\/test.timelessmedcenter.com\/wp-content\/uploads\/2021\/02\/shutterstock_785872723-1-226x300.jpg 226w, https:\/\/test.timelessmedcenter.com\/wp-content\/uploads\/2021\/02\/shutterstock_785872723-1-773x1024.jpg 773w, https:\/\/test.timelessmedcenter.com\/wp-content\/uploads\/2021\/02\/shutterstock_785872723-1-768x1018.jpg 768w, https:\/\/test.timelessmedcenter.com\/wp-content\/uploads\/2021\/02\/shutterstock_785872723-1-9x12.jpg 9w\" sizes=\"(max-width: 996px) 100vw, 996px\" \/><\/a><\/li><\/ul><\/div><\/div><\/div><\/div><\/div><\/div><div class=\"wpb_column vc_column_container vc_col-sm-8\"><div class=\"vc_column-inner\"><div class=\"wpb_wrapper\">\n\t<div class=\"wpb_text_column wpb_content_element\" >\n\t\t<div class=\"wpb_wrapper\">\n\t\t\t<h4 style=\"text-align: left;\"><strong>LOS M\u00daSCULOS SON LA ESTRUCTURA FUNDAMENTAL \nDE UN CUERPO SALUDABLE<\/strong><\/h4>\n<p style=\"font-size: 20px; line-height: 1.5;\">Las expectativas de belleza dependen de nuestro estilo de vida, cultura y necesidades individuales.<\/p>\n<p style=\"font-size: 20px; line-height: 1.5;\">En Timeless, ofrecemos diferentes combinaciones de procedimientos para todas las partes del cuerpo y cada tipo de piel, ya que cada persona es \u00fanica.<\/p>\n<p style=\"font-size: 20px; line-height: 1.5;\">Nuestros tratamientos corporales no invasivos crean resultados efectivos gracias a la selecci\u00f3n y combinaci\u00f3n de diversas tecnolog\u00edas revolucionarias, enfocadas a mejorar y restaurar la tonificaci\u00f3n de tejidos y m\u00fasculos, trabajando en todos los estratos del cuerpo, desde la superficie (epidermis) hasta las capas m\u00e1s profundas (m\u00fasculos).<\/p>\n<p style=\"font-size: 20px; line-height: 1.5;\">Los resultados estar\u00e1n presentes durante un largo per\u00edodo de tiempo, sin embargo, deben ir acompa\u00f1ados de una dieta saludable y un programa de ejercicio f\u00edsico acorde a las necesidades de cada individuo.<\/p>\n<p>&nbsp;<\/p>\n\n\t\t<\/div>\n\t<\/div>\n<\/div><\/div><\/div><\/div><div class=\"vc_row wpb_row vc_row-fluid\"><div class=\"wpb_column vc_column_container vc_col-sm-12\"><div class=\"vc_column-inner\"><div class=\"wpb_wrapper\">\n\t<div class=\"wpb_text_column wpb_content_element\" >\n\t\t<div class=\"wpb_wrapper\">\n\t\t\t<h1 class=\"title-header\">Celulitis y contorno corporal<\/h1>\n\n\t\t<\/div>\n\t<\/div>\n<\/div><\/div><\/div><\/div><div class=\"vc_row wpb_row vc_row-fluid\"><div class=\"wpb_column vc_column_container vc_col-sm-6\"><div class=\"vc_column-inner\"><div class=\"wpb_wrapper\">\n\t<div  class=\"wpb_single_image wpb_content_element vc_align_left\">\n\t\t\n\t\t<figure class=\"wpb_wrapper vc_figure\">\n\t\t\t<div class=\"vc_single_image-wrapper   vc_box_border_grey\"><img width=\"1000\" height=\"630\" src=\"https:\/\/test.timelessmedcenter.com\/wp-content\/uploads\/2021\/02\/shutterstock_1079604911.jpg\" class=\"vc_single_image-img attachment-full\" alt=\"\" loading=\"lazy\" srcset=\"https:\/\/test.timelessmedcenter.com\/wp-content\/uploads\/2021\/02\/shutterstock_1079604911.jpg 1000w, https:\/\/test.timelessmedcenter.com\/wp-content\/uploads\/2021\/02\/shutterstock_1079604911-300x189.jpg 300w, https:\/\/test.timelessmedcenter.com\/wp-content\/uploads\/2021\/02\/shutterstock_1079604911-768x484.jpg 768w, https:\/\/test.timelessmedcenter.com\/wp-content\/uploads\/2021\/02\/shutterstock_1079604911-16x10.jpg 16w\" sizes=\"(max-width: 1000px) 100vw, 1000px\" \/><\/div>\n\t\t<\/figure>\n\t<\/div>\n<\/div><\/div><\/div><div class=\"wpb_column vc_column_container vc_col-sm-6\"><div class=\"vc_column-inner\"><div class=\"wpb_wrapper\">\n\t<div class=\"wpb_text_column wpb_content_element\" >\n\t\t<div class=\"wpb_wrapper\">\n\t\t\t<p style=\"font-size: 20px; line-height: 1.5\">\nLa celulitis es una enfermedad de la hipodermis de naturaleza evolutiva, que se manifiesta por el aumento del n\u00famero y volumen de los adipocitos subcut\u00e1neos y la reducci\u00f3n del tono muscular subyacente, entre otros factores.<\/p>\n<p style=\"font-size: 20px; line-height: 1.5\" class=\" translation-block\">Mediante la sinergia de las tecnolog\u00edas de radiofrecuencia, cavitaci\u00f3n ultras\u00f3nica y <b>Diatermocontracci\u00f3n\u00ae<\/b>, el paciente experimenta una sensaci\u00f3n de plenitud en la zona tratada, una mayor concentraci\u00f3n de diatermia y un masaje remodelador que ayuda a esculpir y definir el cuerpo.<\/p>\n<p style=\"font-size: 20px; line-height: 1.5\">El efecto ser\u00e1 un calentamiento profundo del tejido tratando acumulaciones de grasa y celulitis. Acci\u00f3n liporeductora, en la que ir\u00e1s quemando grasa hasta 72 horas despu\u00e9s de cada tratamiento.<\/p>\n\n\t\t<\/div>\n\t<\/div>\n<\/div><\/div><\/div><\/div><div data-vc-full-width=\"true\" data-vc-full-width-init=\"false\" class=\"vc_row wpb_row vc_row-fluid vc_custom_1613024240795 vc_row-has-fill\"><div class=\"wpb_column vc_column_container vc_col-sm-12\"><div class=\"vc_column-inner\"><div class=\"wpb_wrapper\">\n\t<div class=\"wpb_text_column wpb_content_element\" >\n\t\t<div class=\"wpb_wrapper\">\n\t\t\t<h1 style=\"color: white; text-align: center;\">LIPOREDUCCI\u00d3N &amp; TONIFICACI\u00d3N MUSCULAR<\/h1>\n\n\t\t<\/div>\n\t<\/div>\n<div class=\"vc_empty_space\"   style=\"height: 32px\"><span class=\"vc_empty_space_inner\"><\/span><\/div><div class=\"vc_row wpb_row vc_inner vc_row-fluid\"><div class=\"wpb_column vc_column_container vc_col-sm-6\"><div class=\"vc_column-inner\"><div class=\"wpb_wrapper\">\n\t<div class=\"wpb_text_column wpb_content_element\" >\n\t\t<div class=\"wpb_wrapper\">\n\t\t\t<p style=\"font-size: 20px; color: white; line-height: 1.5\">\nEl sistema no invasivo de cavitaci\u00f3n por ultrasonido de Liporeducci\u00f3n para la lip\u00f3lisis (alternativa a la liposucci\u00f3n quir\u00fargica) rompe los dep\u00f3sitos de grasa en el cuerpo (la recuperaci\u00f3n es m\u00ednima), que luego se absorben en el sistema linf\u00e1tico.<\/p>\n<p style=\"font-size: 20px; color: white; line-height: 1.5\">Al enfocarse en \u00e1reas espec\u00edficas y selectivas de grasa, ayuda a moldear tu cuerpo a trav\u00e9s de la tonificaci\u00f3n muscular. No es un tratamiento para bajar de peso, sino que reduce la masa de grasa corporal.<\/p>\n<p style=\"font-size: 20px; color: white; line-height: 1.5\">Recomendamos combinar este procedimiento con un tratamiento con m\u00e1quina de drenaje linf\u00e1tico despu\u00e9s de cada sesi\u00f3n de Liporeducci\u00f3n.<\/p>\n<p style=\"font-size: 20px; color: white; line-height: 1.5\">Los resultados son a largo plazo, siempre y cuando mantenga una dieta saludable y haga ejercicio.<\/p>\n\n\t\t<\/div>\n\t<\/div>\n<\/div><\/div><\/div><div class=\"wpb_column vc_column_container vc_col-sm-6\"><div class=\"vc_column-inner\"><div class=\"wpb_wrapper\">\n\t<div  class=\"wpb_single_image wpb_content_element vc_align_center\">\n\t\t\n\t\t<figure class=\"wpb_wrapper vc_figure\">\n\t\t\t<div class=\"vc_single_image-wrapper   vc_box_border_grey\"><img width=\"1000\" height=\"683\" src=\"https:\/\/test.timelessmedcenter.com\/wp-content\/uploads\/2021\/02\/shutterstock_131433515.jpg\" class=\"vc_single_image-img attachment-full\" alt=\"\" loading=\"lazy\" srcset=\"https:\/\/test.timelessmedcenter.com\/wp-content\/uploads\/2021\/02\/shutterstock_131433515.jpg 1000w, https:\/\/test.timelessmedcenter.com\/wp-content\/uploads\/2021\/02\/shutterstock_131433515-300x205.jpg 300w, https:\/\/test.timelessmedcenter.com\/wp-content\/uploads\/2021\/02\/shutterstock_131433515-768x525.jpg 768w, https:\/\/test.timelessmedcenter.com\/wp-content\/uploads\/2021\/02\/shutterstock_131433515-16x12.jpg 16w\" sizes=\"(max-width: 1000px) 100vw, 1000px\" \/><\/div>\n\t\t<\/figure>\n\t<\/div>\n<\/div><\/div><\/div><\/div><div class=\"vc_empty_space\"   style=\"height: 32px\"><span class=\"vc_empty_space_inner\"><\/span><\/div><\/div><\/div><\/div><div class=\"wpb_column vc_column_container vc_col-sm-12\"><div class=\"vc_column-inner\"><div class=\"wpb_wrapper\"><\/div><\/div><\/div><\/div><div class=\"vc_row-full-width vc_clearfix\"><\/div><div class=\"vc_row wpb_row vc_row-fluid\"><div class=\"wpb_column vc_column_container vc_col-sm-12\"><div class=\"vc_column-inner\"><div class=\"wpb_wrapper\"><div class=\"vc_row wpb_row vc_inner vc_row-fluid\"><div class=\"wpb_column vc_column_container vc_col-sm-6\"><div class=\"vc_column-inner\"><div class=\"wpb_wrapper\">\n\t<div  class=\"wpb_single_image wpb_content_element vc_align_left\">\n\t\t\n\t\t<figure class=\"wpb_wrapper vc_figure\">\n\t\t\t<div class=\"vc_single_image-wrapper   vc_box_border_grey\"><img width=\"667\" height=\"1000\" src=\"https:\/\/test.timelessmedcenter.com\/wp-content\/uploads\/2021\/02\/shutterstock_1154842738.jpg\" class=\"vc_single_image-img attachment-full\" alt=\"\" loading=\"lazy\" srcset=\"https:\/\/test.timelessmedcenter.com\/wp-content\/uploads\/2021\/02\/shutterstock_1154842738.jpg 667w, https:\/\/test.timelessmedcenter.com\/wp-content\/uploads\/2021\/02\/shutterstock_1154842738-200x300.jpg 200w, https:\/\/test.timelessmedcenter.com\/wp-content\/uploads\/2021\/02\/shutterstock_1154842738-8x12.jpg 8w\" sizes=\"(max-width: 667px) 100vw, 667px\" \/><\/div>\n\t\t<\/figure>\n\t<\/div>\n<\/div><\/div><\/div><div class=\"wpb_column vc_column_container vc_col-sm-6\"><div class=\"vc_column-inner\"><div class=\"wpb_wrapper\"><div class=\"vc_empty_space\"   style=\"height: 50px\"><span class=\"vc_empty_space_inner\"><\/span><\/div><div class=\"vc_empty_space\"   style=\"height: 82px\"><span class=\"vc_empty_space_inner\"><\/span><\/div>\n\t<div class=\"wpb_text_column wpb_content_element\" >\n\t\t<div class=\"wpb_wrapper\">\n\t\t\t<h1>FLACIDEZ<\/h1>\n<h4>(ABDOMEN, BRAZOS \"ALA DE MURCI\u00c9LAGO\", Etc...)<\/h4>\n\n\t\t<\/div>\n\t<\/div>\n<div class=\"vc_empty_space\"   style=\"height: 32px\"><span class=\"vc_empty_space_inner\"><\/span><\/div>\n\t<div class=\"wpb_text_column wpb_content_element\" >\n\t\t<div class=\"wpb_wrapper\">\n\t\t\t<p style=\"font-size: 20px; line-height: 1.5;\">\nMediante la emisi\u00f3n de flujos de energ\u00eda (radiofrecuencia) de alta intensidad, la energ\u00eda t\u00e9rmica se dirige m\u00e1s profundamente hacia la piel, calentando as\u00ed la hipodermis (capa de grasa) y la dermis directamente encima de ella para aumentar el metabolismo de las c\u00e9lulas grasas, aumentar la sangre y circulaci\u00f3n linf\u00e1tica, fortalecen y tensan la piel, rompiendo as\u00ed los dep\u00f3sitos de grasa, mejorando la apariencia de la piel fl\u00e1cida y ca\u00edda del cuerpo.<\/p>\n\n\t\t<\/div>\n\t<\/div>\n<\/div><\/div><\/div><\/div><div class=\"vc_empty_space\"   style=\"height: 32px\"><span class=\"vc_empty_space_inner\"><\/span><\/div><\/div><\/div><\/div><\/div><div data-vc-full-width=\"true\" data-vc-full-width-init=\"false\" class=\"vc_row wpb_row vc_row-fluid vc_custom_1613024240795 vc_row-has-fill\"><div class=\"wpb_column vc_column_container vc_col-sm-12\"><div class=\"vc_column-inner\"><div class=\"wpb_wrapper\"><div class=\"vc_empty_space\"   style=\"height: 32px\"><span class=\"vc_empty_space_inner\"><\/span><\/div><div class=\"vc_row wpb_row vc_inner vc_row-fluid\"><div class=\"wpb_column vc_column_container vc_col-sm-6\"><div class=\"vc_column-inner\"><div class=\"wpb_wrapper\"><div class=\"vc_empty_space\"   style=\"height: 32px\"><span class=\"vc_empty_space_inner\"><\/span><\/div><div class=\"vc_empty_space\"   style=\"height: 122px\"><span class=\"vc_empty_space_inner\"><\/span><\/div>\n\t<div class=\"wpb_text_column wpb_content_element\" >\n\t\t<div class=\"wpb_wrapper\">\n\t\t\t<h1 style=\"color: white;\">Lifting de Gl\u00fateos, Muslos Internos<\/h1>\n\n\t\t<\/div>\n\t<\/div>\n<div class=\"vc_empty_space\"   style=\"height: 32px\"><span class=\"vc_empty_space_inner\"><\/span><\/div>\n\t<div class=\"wpb_text_column wpb_content_element\" >\n\t\t<div class=\"wpb_wrapper\">\n\t\t\t<p style=\"font-size: 20px; line-height: 1.5; color: white;\" class=\" translation-block\"><b>Diatermocontracci\u00f3n<\/b><b>\u00ae <\/b> es una nueva y revolucionaria manera de llegar a m\u00fasculos y tejidos profundos, permitiendo la diatermia y la contracci\u00f3n muscular al mismo tiempo, tratando todas las capas del cuerpo, desde la epidermis (superficie de la piel) hasta los m\u00fasculos, logrando tensar eficazmente la piel y densificar los m\u00fasculos.<\/p>\n\n\t\t<\/div>\n\t<\/div>\n<\/div><\/div><\/div><div class=\"wpb_column vc_column_container vc_col-sm-6\"><div class=\"vc_column-inner\"><div class=\"wpb_wrapper\">\n\t<div  class=\"wpb_single_image wpb_content_element vc_align_center\">\n\t\t\n\t\t<figure class=\"wpb_wrapper vc_figure\">\n\t\t\t<div class=\"vc_single_image-wrapper   vc_box_border_grey\"><img width=\"667\" height=\"1000\" src=\"https:\/\/test.timelessmedcenter.com\/wp-content\/uploads\/2021\/02\/shutterstock_458274850.jpg\" class=\"vc_single_image-img attachment-full\" alt=\"\" loading=\"lazy\" srcset=\"https:\/\/test.timelessmedcenter.com\/wp-content\/uploads\/2021\/02\/shutterstock_458274850.jpg 667w, https:\/\/test.timelessmedcenter.com\/wp-content\/uploads\/2021\/02\/shutterstock_458274850-200x300.jpg 200w, https:\/\/test.timelessmedcenter.com\/wp-content\/uploads\/2021\/02\/shutterstock_458274850-8x12.jpg 8w\" sizes=\"(max-width: 667px) 100vw, 667px\" \/><\/div>\n\t\t<\/figure>\n\t<\/div>\n<\/div><\/div><\/div><\/div><\/div><\/div><\/div><div class=\"wpb_column vc_column_container vc_col-sm-12\"><div class=\"vc_column-inner\"><div class=\"wpb_wrapper\"><\/div><\/div><\/div><\/div><div class=\"vc_row-full-width vc_clearfix\"><\/div><div class=\"vc_row wpb_row vc_row-fluid\"><div class=\"wpb_column vc_column_container vc_col-sm-12\"><div class=\"vc_column-inner\"><div class=\"wpb_wrapper\">\n\t<div class=\"wpb_text_column wpb_content_element\" >\n\t\t<div class=\"wpb_wrapper\">\n\t\t\t<h1 class=\"title-header\" style=\"text-align: center;\">DRENAJE LINF\u00c1TICO<\/h1>\n\n\t\t<\/div>\n\t<\/div>\n<\/div><\/div><\/div><\/div><div class=\"vc_row wpb_row vc_row-fluid\"><div class=\"wpb_column vc_column_container vc_col-sm-6\"><div class=\"vc_column-inner\"><div class=\"wpb_wrapper\">\n\t<div class=\"wpb_text_column wpb_content_element\" >\n\t\t<div class=\"wpb_wrapper\">\n\t\t\t<p style=\"font-size: 20px; line-height: 1.5;\">\nEl sistema linf\u00e1tico contiene un l\u00edquido incoloro llamado \"linfa\", que transporta cosas como toxinas y minerales a trav\u00e9s de nuestros cuerpos que no necesitamos. Cuando ese sistema se bloquea, nos quedamos con cosas que nuestro cuerpo no quiere. El sistema linf\u00e1tico funciona bien por s\u00ed solo (especialmente si est\u00e1 haciendo cosas como mover su cuerpo y beber agua), pero un drenaje linf\u00e1tico puede ayudar a acelerar el proceso de eliminaci\u00f3n de toxinas.<\/p>\n<h4><b>Beneficios:<\/b><\/h4>\n<ul style=\"font-size: 20px; line-height: 1.5;\">\n<li>Sistema inmunol\u00f3gico fortalecido<\/li>\n<li>M\u00e1s energ\u00eda<\/li>\n<li>Prevenci\u00f3n de Linfedema<\/li>\n<li>Reducci\u00f3n de hinchaz\u00f3n en las piernas<\/li>\n<li>Recuperaci\u00f3n despu\u00e9s de una cirug\u00eda<\/li>\n<\/ul>\n\n\t\t<\/div>\n\t<\/div>\n<\/div><\/div><\/div><div class=\"wpb_column vc_column_container vc_col-sm-6\"><div class=\"vc_column-inner\"><div class=\"wpb_wrapper\"><div class=\"vc_empty_space\"   style=\"height: 50px\"><span class=\"vc_empty_space_inner\"><\/span><\/div>\n\t<div  class=\"wpb_single_image wpb_content_element vc_align_left\">\n\t\t\n\t\t<figure class=\"wpb_wrapper vc_figure\">\n\t\t\t<div class=\"vc_single_image-wrapper   vc_box_border_grey\"><img width=\"1000\" height=\"667\" src=\"https:\/\/test.timelessmedcenter.com\/wp-content\/uploads\/2021\/02\/shutterstock_1789408712.jpg\" class=\"vc_single_image-img attachment-full\" alt=\"\" loading=\"lazy\" srcset=\"https:\/\/test.timelessmedcenter.com\/wp-content\/uploads\/2021\/02\/shutterstock_1789408712.jpg 1000w, https:\/\/test.timelessmedcenter.com\/wp-content\/uploads\/2021\/02\/shutterstock_1789408712-300x200.jpg 300w, https:\/\/test.timelessmedcenter.com\/wp-content\/uploads\/2021\/02\/shutterstock_1789408712-768x512.jpg 768w, https:\/\/test.timelessmedcenter.com\/wp-content\/uploads\/2021\/02\/shutterstock_1789408712-16x12.jpg 16w\" sizes=\"(max-width: 1000px) 100vw, 1000px\" \/><\/div>\n\t\t<\/figure>\n\t<\/div>\n<div class=\"vc_empty_space\"   style=\"height: 80px\"><span class=\"vc_empty_space_inner\"><\/span><\/div><\/div><\/div><\/div><\/div><div class=\"vc_row wpb_row vc_row-fluid\"><div class=\"wpb_column vc_column_container vc_col-sm-12\"><div class=\"vc_column-inner\"><div class=\"wpb_wrapper\"><div class=\"vc_row wpb_row vc_inner vc_row-fluid\"><div class=\"wpb_column vc_column_container vc_col-sm-12\"><div class=\"vc_column-inner\"><div class=\"wpb_wrapper\">\n\t<div class=\"wpb_text_column wpb_content_element\" >\n\t\t<div class=\"wpb_wrapper\">\n\t\t\t<h1>Programa una consulta<\/h1>\n\n\t\t<\/div>\n\t<\/div>\n<\/div><\/div><\/div><\/div><div role=\"form\" class=\"wpcf7\" id=\"wpcf7-f4-o1\" lang=\"en-US\" dir=\"ltr\">\n<div class=\"screen-reader-response\"><p role=\"status\" aria-live=\"polite\" aria-atomic=\"true\"><\/p> <ul><\/ul><\/div>\n<form action=\"\/es\/wp-json\/wp\/v2\/pages\/2716#wpcf7-f4-o1\" method=\"post\" class=\"wpcf7-form init\" enctype=\"multipart\/form-data\" novalidate=\"novalidate\" data-status=\"init\" data-trp-original-action=\"\/es\/wp-json\/wp\/v2\/pages\/2716#wpcf7-f4-o1\">\n<div style=\"display: none;\">\n<input type=\"hidden\" name=\"_wpcf7\" value=\"4\" \/>\n<input type=\"hidden\" name=\"_wpcf7_version\" value=\"5.6.2\" \/>\n<input type=\"hidden\" name=\"_wpcf7_locale\" value=\"en_US\" \/>\n<input type=\"hidden\" name=\"_wpcf7_unit_tag\" value=\"wpcf7-f4-o1\" \/>\n<input type=\"hidden\" name=\"_wpcf7_container_post\" value=\"0\" \/>\n<input type=\"hidden\" name=\"_wpcf7_posted_data_hash\" value=\"\" \/>\n<\/div>\n<div class=\"row-fluid\">\n<p class=\"span4 field\"> <span class=\"wpcf7-form-control-wrap\" data-name=\"your-name\"><input type=\"text\" name=\"your-name\" value=\"\" size=\"40\" class=\"wpcf7-form-control wpcf7-text wpcf7-validates-as-required\" aria-required=\"true\" aria-invalid=\"false\" placeholder=\"Nombre:\" \/><\/span> <\/p>\n<p class=\"span4 field\"> <span class=\"wpcf7-form-control-wrap\" data-name=\"telephone\"><input type=\"tel\" name=\"telephone\" value=\"\" size=\"40\" class=\"wpcf7-form-control wpcf7-text wpcf7-tel wpcf7-validates-as-required wpcf7-validates-as-tel\" aria-required=\"true\" aria-invalid=\"false\" placeholder=\"Tel\u00e9fono:\" \/><\/span> <\/p>\n<p class=\"span4 field\"> <span class=\"wpcf7-form-control-wrap\" data-name=\"your-email\"><input type=\"email\" name=\"your-email\" value=\"\" size=\"40\" class=\"wpcf7-form-control wpcf7-text wpcf7-email wpcf7-validates-as-required wpcf7-validates-as-email\" aria-required=\"true\" aria-invalid=\"false\" placeholder=\"Correo electr\u00f3nico:\" \/><\/span> <\/p>\n<\/div>\n<div class=\"row-fluid\">\n<p class=\"span4 field\"><span class=\"wpcf7-form-control-wrap\" data-name=\"city\"><input type=\"text\" name=\"city\" value=\"\" size=\"40\" class=\"wpcf7-form-control wpcf7-text wpcf7-validates-as-required\" aria-required=\"true\" aria-invalid=\"false\" placeholder=\"Ciudad:\" \/><\/span> <\/p>\n<p class=\"span4 field\"><span class=\"wpcf7-form-control-wrap\" data-name=\"state\"><input type=\"text\" name=\"state\" value=\"\" size=\"40\" class=\"wpcf7-form-control wpcf7-text wpcf7-validates-as-required\" aria-required=\"true\" aria-invalid=\"false\" placeholder=\"Estado:\" \/><\/span> <\/p>\n<p class=\"span4 field\"><span class=\"wpcf7-form-control-wrap\" data-name=\"country\"><input type=\"text\" name=\"country\" value=\"\" size=\"40\" class=\"wpcf7-form-control wpcf7-text wpcf7-validates-as-required\" aria-required=\"true\" aria-invalid=\"false\" placeholder=\"Pa\u00eds:\" \/><\/span> <\/p>\n<\/div>\n<div class=\"row-fluid\">\n<p class=\"span12 field\"> Procedimiento de inter\u00e9s <span class=\"wpcf7-form-control-wrap\" data-name=\"procedure\"><select name=\"procedure\" class=\"wpcf7-form-control wpcf7-select\" aria-invalid=\"false\"><option value=\"Head\">Cabeza<\/option><option value=\"Beard\">Barba<\/option><option value=\"Eyebrow\">Ceja<\/option><option value=\"Body\">CUERPO<\/option><option value=\"Face\">Cara<\/option><\/select><\/span> <\/p>\n<\/div>\n<div class=\"row-fluid\">\n<p class=\"span12 field\"> Env\u00eda tus fotos \u2013 Fotos ser\u00e1n revisadas por nuestro doctor <br\/><br \/>\n<span class=\"wpcf7-form-control-wrap\" data-name=\"photos\"><input type=\"file\" name=\"photos\" size=\"40\" class=\"wpcf7-form-control wpcf7-file\" accept=\".jpg,.png,.gif\" aria-invalid=\"false\" \/><\/span> <\/p>\n<p>      <small class=\"text-muted\">Rostro no requerido.<\/small><\/p>\n<\/div>\n<h4>Opciones Consulta Virtual<\/h4>\n<p> Por favor proporciona 3 opciones de fecha y hora para tu consulta; confirmaremos la fecha y hora exacta en un lapso de 24 horas. <\/p>\n<div class=\"row-fluid\">\n<p class=\"span6 field\"> <span class=\"wpcf7-form-control-wrap\" data-name=\"date-1\"><input type=\"date\" name=\"date-1\" value=\"\" class=\"wpcf7-form-control wpcf7-date wpcf7-validates-as-date\" aria-invalid=\"false\" \/><\/span><\/p>\n<p class=\"span6 field\"><span class=\"wpcf7-form-control-wrap\" data-name=\"time-1\"><input type=\"text\" name=\"time-1\" value=\"\" size=\"40\" class=\"wpcf7-form-control wpcf7-text\" aria-invalid=\"false\" placeholder=\"Hora: Ej (9:00 am)\" \/><\/span><\/p>\n<\/div>\n<div class=\"row-fluid\">\n<p class=\"span6 field\"> <span class=\"wpcf7-form-control-wrap\" data-name=\"date-2\"><input type=\"date\" name=\"date-2\" value=\"\" class=\"wpcf7-form-control wpcf7-date wpcf7-validates-as-date\" aria-invalid=\"false\" \/><\/span><\/p>\n<p class=\"span6 field\"><span class=\"wpcf7-form-control-wrap\" data-name=\"time-2\"><input type=\"text\" name=\"time-2\" value=\"\" size=\"40\" class=\"wpcf7-form-control wpcf7-text\" aria-invalid=\"false\" placeholder=\"Hora: Ej (9:00 am)\" \/><\/span><\/p>\n<\/div>\n<div class=\"row-fluid\">\n<p class=\"span6 field\"> <span class=\"wpcf7-form-control-wrap\" data-name=\"date-3\"><input type=\"date\" name=\"date-3\" value=\"\" class=\"wpcf7-form-control wpcf7-date wpcf7-validates-as-date\" aria-invalid=\"false\" \/><\/span><\/p>\n<p class=\"span6 field\"><span class=\"wpcf7-form-control-wrap\" data-name=\"time-3\"><input type=\"text\" name=\"time-3\" value=\"\" size=\"40\" class=\"wpcf7-form-control wpcf7-text\" aria-invalid=\"false\" placeholder=\"Hora: Ej (9:00 am)\" \/><\/span><\/p>\n<\/div>\n<p class=\"submit-wrap\"><input type=\"reset\" value=\"clear\" class=\"btn btn-primary\" \/><input type=\"submit\" value=\"Enviar\" class=\"wpcf7-form-control has-spinner wpcf7-submit btn btn-primary\" \/><\/p>\n<div class=\"wpcf7-response-output\" aria-hidden=\"true\"><\/div><input type=\"hidden\" name=\"trp-form-language\" value=\"es\"\/><\/form><\/div><\/div><\/div><\/div><\/div>","protected":false},"excerpt":{"rendered":"COMING SOON MUSCLES ARE THE FUNDAMENTAL STRUCTURE OF A HEALTHY BODY Beauty expectations are contingent on our lifestyle, culture, and individual needs. At Timeless, we offer different and combined procedures for all parts of the body and every skin type, as everyone is unique. Our non-invasive body treatments create effective results thanks to the selection and combination of diverse revolutionary&nbsp;<a href=\"https:\/\/test.timelessmedcenter.com\/es\/body-skin-treatments\/\" class=\"read-more\">Continue Reading<\/a>","protected":false},"author":1,"featured_media":0,"parent":0,"menu_order":0,"comment_status":"closed","ping_status":"closed","template":"page-fullwidth.php","meta":[],"_links":{"self":[{"href":"https:\/\/test.timelessmedcenter.com\/es\/wp-json\/wp\/v2\/pages\/2716"}],"collection":[{"href":"https:\/\/test.timelessmedcenter.com\/es\/wp-json\/wp\/v2\/pages"}],"about":[{"href":"https:\/\/test.timelessmedcenter.com\/es\/wp-json\/wp\/v2\/types\/page"}],"author":[{"embeddable":true,"href":"https:\/\/test.timelessmedcenter.com\/es\/wp-json\/wp\/v2\/users\/1"}],"replies":[{"embeddable":true,"href":"https:\/\/test.timelessmedcenter.com\/es\/wp-json\/wp\/v2\/comments?post=2716"}],"version-history":[{"count":15,"href":"https:\/\/test.timelessmedcenter.com\/es\/wp-json\/wp\/v2\/pages\/2716\/revisions"}],"predecessor-version":[{"id":2765,"href":"https:\/\/test.timelessmedcenter.com\/es\/wp-json\/wp\/v2\/pages\/2716\/revisions\/2765"}],"wp:attachment":[{"href":"https:\/\/test.timelessmedcenter.com\/es\/wp-json\/wp\/v2\/media?parent=2716"}],"curies":[{"name":"wp","href":"https:\/\/api.w.org\/{rel}","templated":true}]}}