



{"id":413,"date":"2012-05-23T08:42:07","date_gmt":"2012-05-23T08:42:07","guid":{"rendered":"http:\/\/www.timelessmedcenter.com\/about\/archives\/"},"modified":"2020-12-15T11:23:38","modified_gmt":"2020-12-15T19:23:38","slug":"who-we-are","status":"publish","type":"page","link":"https:\/\/test.timelessmedcenter.com\/es\/about\/who-we-are\/","title":{"rendered":"Qui\u00e9nes Somos"},"content":{"rendered":"<div class=\"vc_row wpb_row vc_row-fluid\"><div class=\"wpb_column vc_column_container vc_col-sm-12\"><div class=\"vc_column-inner\"><div class=\"wpb_wrapper\"><div class=\"wpb_gallery wpb_content_element vc_clearfix\" ><div class=\"wpb_wrapper\"><div class=\"wpb_gallery_slides wpb_flexslider flexslider_fade flexslider\" data-interval=\"3\" data-flex_fx=\"fade\"><ul class=\"slides\"><li><img width=\"1280\" height=\"720\" src=\"https:\/\/test.timelessmedcenter.com\/wp-content\/uploads\/2020\/12\/Timeless_Drone_ext_hg_eCL-2.jpeg\" class=\"attachment-full\" alt=\"\" loading=\"lazy\" srcset=\"https:\/\/test.timelessmedcenter.com\/wp-content\/uploads\/2020\/12\/Timeless_Drone_ext_hg_eCL-2.jpeg 1280w, https:\/\/test.timelessmedcenter.com\/wp-content\/uploads\/2020\/12\/Timeless_Drone_ext_hg_eCL-2-300x169.jpeg 300w, https:\/\/test.timelessmedcenter.com\/wp-content\/uploads\/2020\/12\/Timeless_Drone_ext_hg_eCL-2-1024x576.jpeg 1024w, https:\/\/test.timelessmedcenter.com\/wp-content\/uploads\/2020\/12\/Timeless_Drone_ext_hg_eCL-2-768x432.jpeg 768w\" sizes=\"(max-width: 1280px) 100vw, 1280px\" \/><\/li><li><img width=\"1280\" height=\"720\" src=\"https:\/\/test.timelessmedcenter.com\/wp-content\/uploads\/2020\/12\/exterior.jpeg\" class=\"attachment-full\" alt=\"\" loading=\"lazy\" srcset=\"https:\/\/test.timelessmedcenter.com\/wp-content\/uploads\/2020\/12\/exterior.jpeg 1280w, https:\/\/test.timelessmedcenter.com\/wp-content\/uploads\/2020\/12\/exterior-300x169.jpeg 300w, https:\/\/test.timelessmedcenter.com\/wp-content\/uploads\/2020\/12\/exterior-1024x576.jpeg 1024w, https:\/\/test.timelessmedcenter.com\/wp-content\/uploads\/2020\/12\/exterior-768x432.jpeg 768w\" sizes=\"(max-width: 1280px) 100vw, 1280px\" \/><\/li><li><img width=\"1280\" height=\"720\" src=\"https:\/\/test.timelessmedcenter.com\/wp-content\/uploads\/2020\/12\/Timeless_Drone_ext_hg-3.jpeg\" class=\"attachment-full\" alt=\"\" loading=\"lazy\" srcset=\"https:\/\/test.timelessmedcenter.com\/wp-content\/uploads\/2020\/12\/Timeless_Drone_ext_hg-3.jpeg 1280w, https:\/\/test.timelessmedcenter.com\/wp-content\/uploads\/2020\/12\/Timeless_Drone_ext_hg-3-300x169.jpeg 300w, https:\/\/test.timelessmedcenter.com\/wp-content\/uploads\/2020\/12\/Timeless_Drone_ext_hg-3-1024x576.jpeg 1024w, https:\/\/test.timelessmedcenter.com\/wp-content\/uploads\/2020\/12\/Timeless_Drone_ext_hg-3-768x432.jpeg 768w\" sizes=\"(max-width: 1280px) 100vw, 1280px\" \/><\/li><li><img width=\"1925\" height=\"1133\" src=\"https:\/\/test.timelessmedcenter.com\/wp-content\/uploads\/2020\/12\/Timeles-LoOr.png\" class=\"attachment-full\" alt=\"\" loading=\"lazy\" srcset=\"https:\/\/test.timelessmedcenter.com\/wp-content\/uploads\/2020\/12\/Timeles-LoOr.png 1925w, https:\/\/test.timelessmedcenter.com\/wp-content\/uploads\/2020\/12\/Timeles-LoOr-300x177.png 300w, https:\/\/test.timelessmedcenter.com\/wp-content\/uploads\/2020\/12\/Timeles-LoOr-1024x603.png 1024w, https:\/\/test.timelessmedcenter.com\/wp-content\/uploads\/2020\/12\/Timeles-LoOr-768x452.png 768w, https:\/\/test.timelessmedcenter.com\/wp-content\/uploads\/2020\/12\/Timeles-LoOr-1536x904.png 1536w\" sizes=\"(max-width: 1925px) 100vw, 1925px\" \/><\/li><\/ul><\/div><\/div><\/div><\/div><\/div><\/div><\/div><div class=\"vc_row wpb_row vc_row-fluid\"><div class=\"wpb_column vc_column_container vc_col-sm-8 vc_col-xs-offset-2\"><div class=\"vc_column-inner\"><div class=\"wpb_wrapper\">\n\t<div class=\"wpb_text_column wpb_content_element\" >\n\t\t<div class=\"wpb_wrapper\">\n\t\t\t<div class=\"wp-block-image\">\n<figure class=\"aligncenter size-full is-resized\"><span style=\"font-size: 16px;\">Nuestros cambios de estilo de vida, el progreso m\u00e9dico y los avances tecnol\u00f3gicos nos han permitido sentirnos m\u00e1s j\u00f3venes y llenos de vida durante la mediana edad y m\u00e1s all\u00e1. Nuestra apariencia, sin embargo, con frecuencia afecta nuestro esp\u00edritu juvenil, impactando negativamente nuestra autoestima y confianza, efectos secundarios del proceso llamado envejecimiento.<\/span><\/figure>\n<\/div>\n<p>En Timeless, lo que nos motiva cada d\u00eda es tu bienestar. Lo \u00fanico que nos interesa es ayudar a nuestros pacientes a recuperar la confianza en s\u00ed mismos desafiando la edad y el tiempo de forma natural, ofreciendo los mejores y m\u00e1s avanzados tratamientos para el cabello y la piel.<\/p>\n<h4><\/h4>\n\n\t\t<\/div>\n\t<\/div>\n<\/div><\/div><\/div><\/div><div class=\"vc_row wpb_row vc_row-fluid\"><div class=\"wpb_column vc_column_container vc_col-sm-6\"><div class=\"vc_column-inner\"><div class=\"wpb_wrapper\">\n\t<div class=\"wpb_text_column wpb_content_element\" >\n\t\t<div class=\"wpb_wrapper\">\n\t\t\t<div class=\"wp-block-image\"><\/div>\n<h4><\/h4>\n<h4>Nuestra cultura de servicio se fundamenta en torno a tres pilares principales:<\/h4>\n<p><\/p>\n<ol>\n<li>\n<h5><strong>Tratamientos Especializados<\/strong><\/h5>\n<ul>\n<li>El trasplante de cabello y los tratamientos no invasivos son nuestra fortaleza y competencia principal, lo que se traduce en resultados NATURALES sin cambiar lo que TE hace \u00fanico (a).<\/li>\n<\/ul>\n<\/li>\n<li>\n<h5><strong>Atenci\u00f3n al Paciente de Principio a Fin<\/strong><\/h5>\n<ul>\n<li>Combinamos procedimientos de vanguardia con el m\u00e1s alto nivel de atenci\u00f3n y cuidado personal que comienza en el momento en que establecemos el primer contacto con el paciente.<\/li>\n<li>Nos encargamos de todo aspecto administrativo y log\u00edstico de nuestros pacientes, para que solo se preocupen por presentarse el d\u00eda en que se llevara a cabo su procedimiento y regresen a casa rejuvenecidos y con renovada energ\u00eda.<\/li>\n<\/ul>\n<\/li>\n<li>\n<h5><strong>Instalaciones de Vanguardia<\/strong><\/h5>\n<ul>\n<li>La comodidad es importante; sin embargo, un entorno seguro y saludable es primordial.<\/li>\n<\/ul>\n<\/li>\n<\/ol>\n<p>\n&nbsp;<\/p>\n\n\t\t<\/div>\n\t<\/div>\n<\/div><\/div><\/div><div class=\"wpb_column vc_column_container vc_col-sm-6\"><div class=\"vc_column-inner\"><div class=\"wpb_wrapper\">\n\t<div  class=\"wpb_single_image wpb_content_element vc_align_left\">\n\t\t\n\t\t<figure class=\"wpb_wrapper vc_figure\">\n\t\t\t<div class=\"vc_single_image-wrapper   vc_box_border_grey\"><img width=\"1200\" height=\"800\" src=\"https:\/\/test.timelessmedcenter.com\/wp-content\/uploads\/2020\/12\/AdobeStock_197134635-copy.jpeg\" class=\"vc_single_image-img attachment-full\" alt=\"\" loading=\"lazy\" srcset=\"https:\/\/test.timelessmedcenter.com\/wp-content\/uploads\/2020\/12\/AdobeStock_197134635-copy.jpeg 1200w, https:\/\/test.timelessmedcenter.com\/wp-content\/uploads\/2020\/12\/AdobeStock_197134635-copy-300x200.jpeg 300w, https:\/\/test.timelessmedcenter.com\/wp-content\/uploads\/2020\/12\/AdobeStock_197134635-copy-1024x683.jpeg 1024w, https:\/\/test.timelessmedcenter.com\/wp-content\/uploads\/2020\/12\/AdobeStock_197134635-copy-768x512.jpeg 768w\" sizes=\"(max-width: 1200px) 100vw, 1200px\" \/><\/div>\n\t\t<\/figure>\n\t<\/div>\n<\/div><\/div><\/div><\/div><div class=\"vc_row wpb_row vc_row-fluid\"><div class=\"wpb_column vc_column_container vc_col-sm-12\"><div class=\"vc_column-inner\"><div class=\"wpb_wrapper\">\n\t<div class=\"wpb_text_column wpb_content_element\" >\n\t\t<div class=\"wpb_wrapper\">\n\t\t\t<blockquote>\n<p style=\"font-style: italic; font-family: math; font-size: 31px !important; color: black !important;\">Nuestro objetivo primordial es brindar la m\u00e1s alta calidad, seguridad y satisfacci\u00f3n a un costo competitivo, a todos y cada uno de nuestros pacientes, esforz\u00e1ndonos por crear una inmejorable e inolvidable experiencia de servicio para cada uno de ellos.<\/p>\n<\/blockquote>\n\n\t\t<\/div>\n\t<\/div>\n<\/div><\/div><\/div><\/div>","protected":false},"excerpt":{"rendered":"Our lifestyle changes, medical progress, and technological advancements have enabled us to feel younger and more vital through middle age and beyond. Our appearance, however, frequently stifles our youthful spirit, negatively affecting our self-esteem and confidence, side effects of the process called, aging. At Timeless, what drives us every day is your well-being. We only care about helping our patients&nbsp;<a href=\"https:\/\/test.timelessmedcenter.com\/es\/about\/who-we-are\/\" class=\"read-more\">Continue Reading<\/a>","protected":false},"author":1,"featured_media":0,"parent":1797,"menu_order":1,"comment_status":"closed","ping_status":"closed","template":"page-fullwidth.php","meta":[],"_links":{"self":[{"href":"https:\/\/test.timelessmedcenter.com\/es\/wp-json\/wp\/v2\/pages\/413"}],"collection":[{"href":"https:\/\/test.timelessmedcenter.com\/es\/wp-json\/wp\/v2\/pages"}],"about":[{"href":"https:\/\/test.timelessmedcenter.com\/es\/wp-json\/wp\/v2\/types\/page"}],"author":[{"embeddable":true,"href":"https:\/\/test.timelessmedcenter.com\/es\/wp-json\/wp\/v2\/users\/1"}],"replies":[{"embeddable":true,"href":"https:\/\/test.timelessmedcenter.com\/es\/wp-json\/wp\/v2\/comments?post=413"}],"version-history":[{"count":18,"href":"https:\/\/test.timelessmedcenter.com\/es\/wp-json\/wp\/v2\/pages\/413\/revisions"}],"predecessor-version":[{"id":2354,"href":"https:\/\/test.timelessmedcenter.com\/es\/wp-json\/wp\/v2\/pages\/413\/revisions\/2354"}],"up":[{"embeddable":true,"href":"https:\/\/test.timelessmedcenter.com\/es\/wp-json\/wp\/v2\/pages\/1797"}],"wp:attachment":[{"href":"https:\/\/test.timelessmedcenter.com\/es\/wp-json\/wp\/v2\/media?parent=413"}],"curies":[{"name":"wp","href":"https:\/\/api.w.org\/{rel}","templated":true}]}}